{"id":69,"date":"2020-01-27T08:05:29","date_gmt":"2020-01-27T08:05:29","guid":{"rendered":"https:\/\/demosites.io\/web-agency-gb\/?page_id=69"},"modified":"2026-01-30T19:21:14","modified_gmt":"2026-01-30T18:21:14","slug":"15c42-web-agency-gb-portfolio","status":"publish","type":"page","link":"https:\/\/car-tun.de\/?page_id=69","title":{"rendered":"Portfolio"},"content":{"rendered":"\n\n\n<div class=\"wp-block-cover alignfull\" style=\"padding-right:var(--wp--preset--spacing--20);padding-left:var(--wp--preset--spacing--20);min-height:600px;aspect-ratio:unset;\"><span aria-hidden=\"true\" class=\"wp-block-cover__background has-nv-light-bg-background-color has-background-dim-100 has-background-dim\"><\/span><div class=\"wp-block-cover__inner-container is-layout-flow wp-block-cover-is-layout-flow\">\n<div class=\"wp-block-group\"><div class=\"wp-block-group__inner-container is-layout-flow wp-block-group-is-layout-flow\">\n<figure class=\"wp-block-image alignfull size-full is-style-default\"><img loading=\"lazy\" decoding=\"async\" width=\"1500\" height=\"600\" src=\"https:\/\/car-tun.de\/wp-content\/uploads\/2026\/01\/Freude_2026_homepage.gif\" alt=\"\" class=\"wp-image-1075\"\/><\/figure>\n\n\n\n<div style=\"height:25px\" aria-hidden=\"true\" class=\"wp-block-spacer\"><\/div>\n\n\n\n\n\n<div class=\"wp-block-columns are-vertically-aligned-center is-layout-flex wp-container-core-columns-is-layout-9d6595d7 wp-block-columns-is-layout-flex\">\n<div class=\"wp-block-column is-vertically-aligned-center is-layout-flow wp-block-column-is-layout-flow\" style=\"flex-basis:50%\"><div class=\"wp-block-image\">\n<figure class=\"aligncenter size-full\"><img loading=\"lazy\" decoding=\"async\" width=\"525\" height=\"525\" src=\"https:\/\/car-tun.de\/wp-content\/uploads\/2025\/12\/Aussenspielanlagen_cartun_2.png\" alt=\"\" class=\"wp-image-681\" srcset=\"https:\/\/car-tun.de\/wp-content\/uploads\/2025\/12\/Aussenspielanlagen_cartun_2.png 525w, https:\/\/car-tun.de\/wp-content\/uploads\/2025\/12\/Aussenspielanlagen_cartun_2-150x150.png 150w\" sizes=\"auto, (max-width: 525px) 100vw, 525px\" \/><\/figure>\n<\/div>\n\n\n\n\n<h3 class=\"wp-block-heading has-text-align-center has-neve-text-color-color has-text-color\">Au\u00dfenspielger\u00e4te<\/h3>\n\n\n\n<p class=\"has-text-align-center has-neve-text-color-color has-text-color\">Bei uns finden Sie eine gro\u00dfe Palette an <strong>Spielanlagen<\/strong> gem\u00e4\u00df <strong>EN1176<\/strong> aus hochwertigen Materialien wie <strong>Robinie<\/strong>, <strong>Eiche<\/strong>, <strong>Edelstahl<\/strong> und vieles mehr.<\/p>\n\n\n\n<div class=\"wp-block-buttons is-content-justification-center is-layout-flex wp-container-core-buttons-is-layout-16018d1d wp-block-buttons-is-layout-flex\">\n<div class=\"wp-block-button is-style-primary\"><a class=\"wp-block-button__link wp-element-button\" href=\"https:\/\/www.cartun-shop.de\/aussenspiel\/\">Zum Onlineshop<\/a><\/div>\n<\/div>\n\n\n\n<div style=\"height:40px\" aria-hidden=\"true\" class=\"wp-block-spacer\"><\/div>\n<\/div>\n\n\n\n<div class=\"wp-block-column is-vertically-aligned-center is-layout-flow wp-block-column-is-layout-flow\" style=\"flex-basis:50%\"><div class=\"wp-block-image\">\n<figure class=\"aligncenter size-full\"><img loading=\"lazy\" decoding=\"async\" width=\"525\" height=\"525\" src=\"https:\/\/car-tun.de\/wp-content\/uploads\/2025\/12\/Sitzmoebel_cartun_2.png\" alt=\"\" class=\"wp-image-683\" srcset=\"https:\/\/car-tun.de\/wp-content\/uploads\/2025\/12\/Sitzmoebel_cartun_2.png 525w, https:\/\/car-tun.de\/wp-content\/uploads\/2025\/12\/Sitzmoebel_cartun_2-150x150.png 150w\" sizes=\"auto, (max-width: 525px) 100vw, 525px\" \/><\/figure>\n<\/div>\n\n\n\n\n<h3 class=\"wp-block-heading has-text-align-center has-neve-text-color-color has-text-color\">Sitzm\u00f6bel f\u00fcr den Au\u00dfenbereich<\/h3>\n\n\n\n<p class=\"has-text-align-center has-neve-text-color-color has-text-color\">Ob <strong>Rundbank<\/strong>, <strong>Einzelelemente<\/strong> oder <strong>Pavillions<\/strong>: Wir verf\u00fcgen \u00fcber ein breites Sortiment an Sitzm\u00f6beln aus <strong>wetterfesten Materialien<\/strong>.<\/p>\n\n\n\n<div class=\"wp-block-buttons is-content-justification-center is-layout-flex wp-container-core-buttons-is-layout-16018d1d wp-block-buttons-is-layout-flex\">\n<div class=\"wp-block-button is-style-primary\"><a class=\"wp-block-button__link wp-element-button\" href=\"https:\/\/www.cartun-shop.de\/aussenbereich-sitzplaetze\/\">Zum Onlineshop<\/a><\/div>\n<\/div>\n\n\n\n<div style=\"height:40px\" aria-hidden=\"true\" class=\"wp-block-spacer\"><\/div>\n<\/div>\n<\/div>\n\n\n\n<div style=\"height:40px\" aria-hidden=\"true\" class=\"wp-block-spacer\"><\/div>\n<\/div><\/div>\n<\/div><\/div>\n\n\n\n<div class=\"wp-block-cover alignfull\" style=\"padding-right:var(--wp--preset--spacing--20);padding-left:var(--wp--preset--spacing--20);min-height:600px;aspect-ratio:unset;\"><span aria-hidden=\"true\" class=\"wp-block-cover__background has-nv-site-bg-background-color has-background-dim-100 has-background-dim\"><\/span><div class=\"wp-block-cover__inner-container is-layout-flow wp-block-cover-is-layout-flow\">\n<div class=\"wp-block-group\"><div class=\"wp-block-group__inner-container is-layout-flow wp-block-group-is-layout-flow\">\n\n\n<div class=\"wp-block-columns are-vertically-aligned-center is-layout-flex wp-container-core-columns-is-layout-9d6595d7 wp-block-columns-is-layout-flex\">\n<div class=\"wp-block-column is-vertically-aligned-center is-layout-flow wp-block-column-is-layout-flow\" style=\"flex-basis:50%\"><div class=\"wp-block-image\">\n<figure class=\"aligncenter size-full\"><img loading=\"lazy\" decoding=\"async\" width=\"525\" height=\"525\" src=\"https:\/\/car-tun.de\/wp-content\/uploads\/2025\/12\/Beschattungen_cartun.png\" alt=\"\" class=\"wp-image-689\" srcset=\"https:\/\/car-tun.de\/wp-content\/uploads\/2025\/12\/Beschattungen_cartun.png 525w, https:\/\/car-tun.de\/wp-content\/uploads\/2025\/12\/Beschattungen_cartun-150x150.png 150w\" sizes=\"auto, (max-width: 525px) 100vw, 525px\" \/><\/figure>\n<\/div>\n\n\n<div style=\"height:24px\" aria-hidden=\"true\" class=\"wp-block-spacer\"><\/div>\n\n\n\n<h3 class=\"wp-block-heading has-text-align-center has-neve-text-color-color has-text-color\">Beschattungen<\/h3>\n\n\n\n<p class=\"has-text-align-center has-neve-text-color-color has-text-color\">Mit Sonnensegelkomplettsystemen aus <strong>Robinie<\/strong> oder <strong>Edelstahl<\/strong> schaffen Sie schattige und gesch\u00fctze Pl\u00e4tze.<\/p>\n\n\n\n<div class=\"wp-block-buttons is-content-justification-center is-layout-flex wp-container-core-buttons-is-layout-16018d1d wp-block-buttons-is-layout-flex\">\n<div class=\"wp-block-button is-style-primary\"><a class=\"wp-block-button__link wp-element-button\" href=\"https:\/\/www.cartun-shop.de\/sonnensegel-zubehoer\/\">Zum Onlineshop<\/a><\/div>\n<\/div>\n\n\n\n<div style=\"height:40px\" aria-hidden=\"true\" class=\"wp-block-spacer\"><\/div>\n<\/div>\n\n\n\n<div class=\"wp-block-column is-vertically-aligned-center is-layout-flow wp-block-column-is-layout-flow\" style=\"flex-basis:50%\"><div class=\"wp-block-image\">\n<figure class=\"aligncenter size-full\"><img loading=\"lazy\" decoding=\"async\" width=\"525\" height=\"525\" src=\"https:\/\/car-tun.de\/wp-content\/uploads\/2025\/12\/Textilien_cartun.png\" alt=\"\" class=\"wp-image-693\" srcset=\"https:\/\/car-tun.de\/wp-content\/uploads\/2025\/12\/Textilien_cartun.png 525w, https:\/\/car-tun.de\/wp-content\/uploads\/2025\/12\/Textilien_cartun-150x150.png 150w\" sizes=\"auto, (max-width: 525px) 100vw, 525px\" \/><\/figure>\n<\/div>\n\n\n<div style=\"height:24px\" aria-hidden=\"true\" class=\"wp-block-spacer\"><\/div>\n\n\n\n<h3 class=\"wp-block-heading has-text-align-center has-neve-text-color-color has-text-color\">Textilien<\/h3>\n\n\n\n<p class=\"has-text-align-center has-neve-text-color-color has-text-color\">Unser Sortiment umfasst unter anderem <strong>Bettw\u00e4sche<\/strong>, <strong>Handt\u00fccher,<\/strong> <strong>L\u00e4tzchen, Turnbeutel<\/strong> aber auch <strong>Caps<\/strong> und <strong>Tshirts<\/strong>!<\/p>\n\n\n\n<div class=\"wp-block-buttons is-content-justification-center is-layout-flex wp-container-core-buttons-is-layout-16018d1d wp-block-buttons-is-layout-flex\">\n<div class=\"wp-block-button is-style-primary\"><a class=\"wp-block-button__link wp-element-button\" href=\"https:\/\/www.cartun-shop.de\/textilien\/\">zUM oNLINESHOP<\/a><\/div>\n<\/div>\n\n\n\n<div style=\"height:40px\" aria-hidden=\"true\" class=\"wp-block-spacer\"><\/div>\n<\/div>\n<\/div>\n\n\n\n<div style=\"height:40px\" aria-hidden=\"true\" class=\"wp-block-spacer\"><\/div>\n<\/div><\/div>\n<\/div><\/div>\n\n\n\n\n\n<div class=\"wp-block-cover alignfull\" style=\"border-top-left-radius:0px;border-top-right-radius:0px;border-bottom-left-radius:0px;border-bottom-right-radius:0px;padding-right:var(--wp--preset--spacing--20);padding-left:var(--wp--preset--spacing--20);min-height:600px;aspect-ratio:unset;\"><span aria-hidden=\"true\" class=\"wp-block-cover__background has-nv-light-bg-background-color has-background-dim-100 has-background-dim\"><\/span><div class=\"wp-block-cover__inner-container is-layout-flow wp-block-cover-is-layout-flow\">\n<div class=\"wp-block-group\"><div class=\"wp-block-group__inner-container is-layout-flow wp-block-group-is-layout-flow\">\n<div style=\"height:80px\" aria-hidden=\"true\" class=\"wp-block-spacer\"><\/div>\n\n\n\n<div class=\"wp-block-columns are-vertically-aligned-center is-layout-flex wp-container-core-columns-is-layout-9d6595d7 wp-block-columns-is-layout-flex\">\n<div class=\"wp-block-column is-vertically-aligned-center is-layout-flow wp-block-column-is-layout-flow\" style=\"flex-basis:50%\"><div class=\"wp-block-image\">\n<figure class=\"aligncenter size-full\"><img loading=\"lazy\" decoding=\"async\" width=\"525\" height=\"525\" src=\"https:\/\/car-tun.de\/wp-content\/uploads\/2025\/12\/moebel_cartun.png\" alt=\"\" class=\"wp-image-698\" srcset=\"https:\/\/car-tun.de\/wp-content\/uploads\/2025\/12\/moebel_cartun.png 525w, https:\/\/car-tun.de\/wp-content\/uploads\/2025\/12\/moebel_cartun-150x150.png 150w\" sizes=\"auto, (max-width: 525px) 100vw, 525px\" \/><\/figure>\n<\/div>\n\n\n<div style=\"height:24px\" aria-hidden=\"true\" class=\"wp-block-spacer\"><\/div>\n\n\n\n<h3 class=\"wp-block-heading has-text-align-center has-neve-text-color-color has-text-color\">M\u00f6bel<\/h3>\n\n\n\n<p class=\"has-text-align-center has-neve-text-color-color has-text-color\">Speziell f\u00fcr Kindertagesst\u00e4tten entwickelte M\u00f6bel: Bei uns finden Sie <strong>M\u00f6bel<\/strong>, die sowohl <strong>funktional<\/strong>, <strong>langlebig<\/strong> als auch <strong>ansprechend<\/strong> sind.<\/p>\n\n\n\n<div class=\"wp-block-buttons is-content-justification-center is-layout-flex wp-container-core-buttons-is-layout-16018d1d wp-block-buttons-is-layout-flex\">\n<div class=\"wp-block-button is-style-primary\"><a class=\"wp-block-button__link wp-element-button\" href=\"https:\/\/www.cartun-shop.de\/moebel-und-turnen\/\">zum Onlineshop<\/a><\/div>\n<\/div>\n\n\n\n<div style=\"height:40px\" aria-hidden=\"true\" class=\"wp-block-spacer\"><\/div>\n<\/div>\n\n\n\n<div class=\"wp-block-column is-vertically-aligned-center is-layout-flow wp-block-column-is-layout-flow\" style=\"flex-basis:50%\"><div class=\"wp-block-image\">\n<figure class=\"aligncenter size-full\"><img loading=\"lazy\" decoding=\"async\" width=\"525\" height=\"525\" src=\"https:\/\/car-tun.de\/wp-content\/uploads\/2025\/12\/turnen_cartun.png\" alt=\"\" class=\"wp-image-703\" srcset=\"https:\/\/car-tun.de\/wp-content\/uploads\/2025\/12\/turnen_cartun.png 525w, https:\/\/car-tun.de\/wp-content\/uploads\/2025\/12\/turnen_cartun-150x150.png 150w\" sizes=\"auto, (max-width: 525px) 100vw, 525px\" \/><\/figure>\n<\/div>\n\n\n<div style=\"height:24px\" aria-hidden=\"true\" class=\"wp-block-spacer\"><\/div>\n\n\n\n<h3 class=\"wp-block-heading has-text-align-center o-anim-hover has-neve-text-color-color has-text-color\">Turnen<\/h3>\n\n\n\n<p class=\"has-text-align-center has-neve-text-color-color has-text-color\">Perfekt auf die Bed\u00fcrfnisse von Kindern abgestimmt und in hochwertiger Qualit\u00e4t: <strong>Turnmatten <\/strong>und <strong>Schaumstoffbauelementen<\/strong> bis hin zu <strong>kreativen Spiel- und Ruhezonen<\/strong>.<\/p>\n\n\n\n<div class=\"wp-block-buttons is-content-justification-center is-layout-flex wp-container-core-buttons-is-layout-16018d1d wp-block-buttons-is-layout-flex\">\n<div class=\"wp-block-button is-style-primary\"><a class=\"wp-block-button__link wp-element-button\" href=\"https:\/\/www.cartun-shop.de\/moebel-und-turnen\/\">zum onlineshop<\/a><\/div>\n<\/div>\n\n\n\n<div style=\"height:40px\" aria-hidden=\"true\" class=\"wp-block-spacer\"><\/div>\n<\/div>\n<\/div>\n\n\n\n<div style=\"height:40px\" aria-hidden=\"true\" class=\"wp-block-spacer\"><\/div>\n<\/div><\/div>\n<\/div><\/div>\n","protected":false},"excerpt":{"rendered":"","protected":false},"author":1,"featured_media":0,"parent":0,"menu_order":1,"comment_status":"closed","ping_status":"closed","template":"","meta":{"neve_meta_sidebar":"full-width","neve_meta_container":"","neve_meta_enable_content_width":"on","neve_meta_content_width":100,"neve_meta_title_alignment":"","neve_meta_author_avatar":"","neve_post_elements_order":"","neve_meta_disable_header":"","neve_meta_disable_footer":"","neve_meta_disable_title":"on","neve_meta_reading_time":"","_themeisle_gutenberg_block_has_review":false,"footnotes":""},"class_list":["post-69","page","type-page","status-publish","hentry"],"_links":{"self":[{"href":"https:\/\/car-tun.de\/index.php?rest_route=\/wp\/v2\/pages\/69","targetHints":{"allow":["GET"]}}],"collection":[{"href":"https:\/\/car-tun.de\/index.php?rest_route=\/wp\/v2\/pages"}],"about":[{"href":"https:\/\/car-tun.de\/index.php?rest_route=\/wp\/v2\/types\/page"}],"author":[{"embeddable":true,"href":"https:\/\/car-tun.de\/index.php?rest_route=\/wp\/v2\/users\/1"}],"replies":[{"embeddable":true,"href":"https:\/\/car-tun.de\/index.php?rest_route=%2Fwp%2Fv2%2Fcomments&post=69"}],"version-history":[{"count":92,"href":"https:\/\/car-tun.de\/index.php?rest_route=\/wp\/v2\/pages\/69\/revisions"}],"predecessor-version":[{"id":1111,"href":"https:\/\/car-tun.de\/index.php?rest_route=\/wp\/v2\/pages\/69\/revisions\/1111"}],"wp:attachment":[{"href":"https:\/\/car-tun.de\/index.php?rest_route=%2Fwp%2Fv2%2Fmedia&parent=69"}],"curies":[{"name":"wp","href":"https:\/\/api.w.org\/{rel}","templated":true}]}}