{"id":61,"date":"2020-01-23T18:21:52","date_gmt":"2020-01-23T18:21:52","guid":{"rendered":"https:\/\/demosites.io\/web-agency-gb\/?page_id=61"},"modified":"2026-02-21T00:34:32","modified_gmt":"2026-02-20T23:34:32","slug":"15c42-web-agency-gb-about-us","status":"publish","type":"page","link":"https:\/\/car-tun.de\/?page_id=61","title":{"rendered":"\u00dcber uns"},"content":{"rendered":"\n\n\n<div class=\"wp-block-cover alignfull\" style=\"min-height:600px;aspect-ratio:unset;\"><img loading=\"lazy\" decoding=\"async\" width=\"2200\" height=\"1200\" class=\"wp-block-cover__image-background wp-image-1117 size-full\" alt=\"\" src=\"https:\/\/car-tun.de\/wp-content\/uploads\/2026\/02\/Hintergrund_Cartun_Himmel_blumen.png\" style=\"object-position:77% 80%\" data-object-fit=\"cover\" data-object-position=\"77% 80%\" srcset=\"https:\/\/car-tun.de\/wp-content\/uploads\/2026\/02\/Hintergrund_Cartun_Himmel_blumen.png 2200w, https:\/\/car-tun.de\/wp-content\/uploads\/2026\/02\/Hintergrund_Cartun_Himmel_blumen-1200x655.png 1200w, https:\/\/car-tun.de\/wp-content\/uploads\/2026\/02\/Hintergrund_Cartun_Himmel_blumen-768x419.png 768w, https:\/\/car-tun.de\/wp-content\/uploads\/2026\/02\/Hintergrund_Cartun_Himmel_blumen-1536x838.png 1536w, https:\/\/car-tun.de\/wp-content\/uploads\/2026\/02\/Hintergrund_Cartun_Himmel_blumen-2048x1117.png 2048w\" sizes=\"auto, (max-width: 2200px) 100vw, 2200px\" \/><span aria-hidden=\"true\" class=\"wp-block-cover__background has-nv-dark-bg-background-color has-background-dim\"><\/span><div class=\"wp-block-cover__inner-container is-layout-flow wp-block-cover-is-layout-flow\">\n<div class=\"wp-block-group\"><div class=\"wp-block-group__inner-container is-layout-flow wp-block-group-is-layout-flow\">\n<div style=\"height:80px\" aria-hidden=\"true\" class=\"wp-block-spacer\"><\/div>\n\n\n\n<div class=\"wp-block-columns are-vertically-aligned-center is-layout-flex wp-container-core-columns-is-layout-9d6595d7 wp-block-columns-is-layout-flex\">\n<div class=\"wp-block-column is-vertically-aligned-center is-layout-flow wp-block-column-is-layout-flow\" style=\"flex-basis:50%\">\n<h2 class=\"wp-block-heading has-text-align-center animated fadeInTopRight slower has-nv-text-dark-bg-color has-text-color\"><strong>Qualit\u00e4t im Fokus<\/strong><\/h2>\n\n\n\n<p class=\"has-text-align-center animated fadeInRight slower delay-100ms has-nv-text-dark-bg-color has-text-color\" style=\"font-size:27px\"><strong> Unsere Produktphilosophie<\/strong><\/p>\n\n\n\n<p class=\"has-text-align-center animated fadeInRight delay-1s slower has-nv-text-dark-bg-color has-text-color\" style=\"border-top-left-radius:38px;border-top-right-radius:38px;border-bottom-left-radius:38px;border-bottom-right-radius:38px;font-size:23px\">Jeder Artikel in unserem Sortiment verk\u00f6rpert unser Unternehmensethos:<br>Wir bieten Produkte, <br>die durch <strong>Integrit\u00e4t<\/strong> (gepr\u00fcfte Sicherheit), <br><strong>Innovation<\/strong> (p\u00e4dagogischer Mehrwert im Design) und <br><strong>kontinuierliche Verbesserung<\/strong> (Langlebigkeit und Praxistauglichkeit) \u00fcberzeugen. <br>Wir liefern nur das,<br> was wir selbst guten Gewissens in jeder Kindertagesst\u00e4tte einsetzen w\u00fcrden.<\/p>\n\n\n\n<div class=\"wp-block-buttons is-layout-flex wp-block-buttons-is-layout-flex\">\n\n<\/div>\n<\/div>\n\n\n\n<div class=\"wp-block-column is-vertically-aligned-center is-layout-flow wp-block-column-is-layout-flow\" style=\"flex-basis:50%\"><div class=\"wp-block-image\">\n<figure class=\"aligncenter size-full\"><img loading=\"lazy\" decoding=\"async\" width=\"525\" height=\"525\" src=\"https:\/\/car-tun.de\/wp-content\/uploads\/2025\/12\/UnserePhilosophie_1.png\" alt=\"\" class=\"wp-image-655\" srcset=\"https:\/\/car-tun.de\/wp-content\/uploads\/2025\/12\/UnserePhilosophie_1.png 525w, https:\/\/car-tun.de\/wp-content\/uploads\/2025\/12\/UnserePhilosophie_1-150x150.png 150w\" sizes=\"auto, (max-width: 525px) 100vw, 525px\" \/><\/figure>\n<\/div><\/div>\n<\/div>\n\n\n\n<div style=\"height:40px\" aria-hidden=\"true\" class=\"wp-block-spacer\"><\/div>\n<\/div><\/div>\n<\/div><\/div>\n\n\n\n<div class=\"wp-block-cover alignfull\" style=\"min-height:420px;aspect-ratio:unset;\"><span aria-hidden=\"true\" class=\"wp-block-cover__background has-nv-site-bg-background-color has-background-dim-100 has-background-dim\"><\/span><div class=\"wp-block-cover__inner-container is-layout-flow wp-block-cover-is-layout-flow\">\n<div style=\"height:80px\" aria-hidden=\"true\" class=\"wp-block-spacer\"><\/div>\n\n\n\n<div class=\"wp-block-columns is-layout-flex wp-container-core-columns-is-layout-9d6595d7 wp-block-columns-is-layout-flex\">\n<div class=\"wp-block-column ticss-4ce656f1 is-layout-flow wp-block-column-is-layout-flow\"><div class=\"wp-block-image icon-style is-style-rounded\">\n<figure class=\"aligncenter size-large\"><img decoding=\"async\" src=\"https:\/\/car-tun.de\/wp-content\/uploads\/2020\/01\/neve-webdesign-GB-03.png\" alt=\"\" class=\"wp-image-20\"\/><\/figure>\n<\/div>\n\n\n<div style=\"height:24px\" aria-hidden=\"true\" class=\"wp-block-spacer\"><\/div>\n\n\n\n<h3 class=\"wp-block-heading has-text-align-left has-text-align-center has-neve-text-color-color has-text-color\"><strong>Alles aus einer Hand<\/strong><\/h3>\n\n\n\n<p class=\"has-text-align-center has-neve-text-color-color has-text-color\">Wir sind Ihr zentraler Ansprechpartner f\u00fcr die komplette Ausstattung Ihrer Einrichtung, einschlie\u00dflich Kreativartikel und Textilien.<\/p>\n\n\n\n<div style=\"height:20px\" aria-hidden=\"true\" class=\"wp-block-spacer\"><\/div>\n<\/div>\n\n\n\n<div class=\"wp-block-column ticss-f6fc7494 is-layout-flow wp-block-column-is-layout-flow\"><div class=\"wp-block-image icon-style is-style-rounded\">\n<figure class=\"aligncenter size-large\"><img decoding=\"async\" src=\"https:\/\/car-tun.de\/wp-content\/uploads\/2020\/01\/neve-webdesign-GB-03.png\" alt=\"\" class=\"wp-image-20\"\/><\/figure>\n<\/div>\n\n\n<div style=\"height:24px\" aria-hidden=\"true\" class=\"wp-block-spacer\"><\/div>\n\n\n\n<h3 class=\"wp-block-heading has-text-align-center has-neve-text-color-color has-text-color\"><strong>Verl\u00e4sslichkeit<\/strong><\/h3>\n\n\n\n<p class=\"has-text-align-center has-neve-text-color-color has-text-color\">Wir wissen, wie wichtig p\u00fcnktliche Lieferungen in Ihrer Einrichtung sind. Als Fachgro\u00dfhandel garantieren wir eine schnelle Logistik und bieten ausschlie\u00dflich Produkte an, die strengste deutsche Sicherheits- und Qualit\u00e4tsstandards erf\u00fcllen.<\/p>\n\n\n\n<div style=\"height:20px\" aria-hidden=\"true\" class=\"wp-block-spacer\"><\/div>\n<\/div>\n\n\n\n<div class=\"wp-block-column ticss-a5b4df29 is-layout-flow wp-block-column-is-layout-flow\"><div class=\"wp-block-image icon-style is-style-rounded\">\n<figure class=\"aligncenter size-large\"><img decoding=\"async\" src=\"https:\/\/car-tun.de\/wp-content\/uploads\/2020\/01\/neve-webdesign-GB-03.png\" alt=\"\" class=\"wp-image-20\"\/><\/figure>\n<\/div>\n\n\n<div style=\"height:24px\" aria-hidden=\"true\" class=\"wp-block-spacer\"><\/div>\n\n\n\n<h3 class=\"wp-block-heading has-text-align-left has-text-align-center has-neve-text-color-color has-text-color\"><strong>Wir beraten Sie gerne<\/strong><\/h3>\n\n\n\n<p class=\"has-text-align-center has-neve-text-color-color has-text-color\">Bei uns erhalten Sie nicht nur Ware, sondern auch fachkundige Beratung. Unsere Mitarbeiter unterst\u00fctzen Sie bei der Auswahl und Zusammenstellung.<\/p>\n\n\n\n<div style=\"height:20px\" aria-hidden=\"true\" class=\"wp-block-spacer\"><\/div>\n<\/div>\n<\/div>\n\n\n\n<div style=\"height:30px\" aria-hidden=\"true\" class=\"wp-block-spacer\"><\/div>\n<\/div><\/div>\n\n\n\n<div class=\"wp-block-cover alignfull\" style=\"min-height:600px;aspect-ratio:unset;\"><span aria-hidden=\"true\" class=\"wp-block-cover__background has-nv-light-bg-background-color has-background-dim-100 has-background-dim\"><\/span><div class=\"wp-block-cover__inner-container is-layout-flow wp-block-cover-is-layout-flow\">\n<div class=\"wp-block-group\"><div class=\"wp-block-group__inner-container is-layout-flow wp-block-group-is-layout-flow\">\n<div style=\"height:80px\" aria-hidden=\"true\" class=\"wp-block-spacer\"><\/div>\n\n\n\n<div class=\"wp-block-columns are-vertically-aligned-center has-neve-text-color-color has-text-color is-layout-flex wp-container-core-columns-is-layout-9d6595d7 wp-block-columns-is-layout-flex\">\n<div class=\"wp-block-column is-vertically-aligned-center is-layout-flow wp-block-column-is-layout-flow\" style=\"flex-basis:50%\"><div class=\"wp-block-image\">\n<figure class=\"aligncenter size-full\"><img loading=\"lazy\" decoding=\"async\" width=\"613\" height=\"613\" src=\"https:\/\/car-tun.de\/wp-content\/uploads\/2025\/12\/Cartun_Callcenter_2.png\" alt=\"\" class=\"wp-image-653\" srcset=\"https:\/\/car-tun.de\/wp-content\/uploads\/2025\/12\/Cartun_Callcenter_2.png 613w, https:\/\/car-tun.de\/wp-content\/uploads\/2025\/12\/Cartun_Callcenter_2-150x150.png 150w\" sizes=\"auto, (max-width: 613px) 100vw, 613px\" \/><\/figure>\n<\/div><\/div>\n\n\n\n<div class=\"wp-block-column is-vertically-aligned-center is-layout-flow wp-block-column-is-layout-flow\" style=\"flex-basis:50%\">\n<h2 class=\"wp-block-heading has-neve-text-color-color has-text-color\">Seit 18 Jahren <\/h2>\n\n\n\n<p class=\"has-neve-text-color-color has-text-color\">Unser Sortiment als Fachgro\u00dfhandel f\u00fcr Kitabedarf umfasst eine Vielzahl hochwertiger individuell konfigurierbarer M\u00f6bel wie Schr\u00e4nke, Garderoben, Sitzecken oder Tische. Wir sind Partner verschiedener Hersteller von Au\u00dfenspielger\u00e4ten und k\u00f6nnen auf ein gro\u00dfes Repertoire zugreifen. Des Weiteren k\u00f6nnen wir Ihnen auch Sonderanfertigungen von Schaumstoffmodulen aller Art wie z.B. Wickelauflagen und Matratzen anbieten. Bedruckungen oder Beflockungen von Textilien gem\u00e4\u00df Ihrer Vorgaben ist ebenso ein Teil unseres T\u00e4tigkeitsbereiches.<\/p>\n<\/div>\n<\/div>\n\n\n\n<div style=\"height:40px\" aria-hidden=\"true\" class=\"wp-block-spacer\"><\/div>\n<\/div><\/div>\n<\/div><\/div>\n\n\n","protected":false},"excerpt":{"rendered":"","protected":false},"author":1,"featured_media":0,"parent":0,"menu_order":0,"comment_status":"closed","ping_status":"closed","template":"","meta":{"neve_meta_sidebar":"default","neve_meta_container":"default","neve_meta_enable_content_width":"on","neve_meta_content_width":98,"neve_meta_title_alignment":"","neve_meta_author_avatar":"","neve_post_elements_order":"","neve_meta_disable_header":"","neve_meta_disable_footer":"","neve_meta_disable_title":"on","neve_meta_reading_time":"","_themeisle_gutenberg_block_has_review":false,"footnotes":""},"class_list":["post-61","page","type-page","status-publish","hentry"],"_links":{"self":[{"href":"https:\/\/car-tun.de\/index.php?rest_route=\/wp\/v2\/pages\/61","targetHints":{"allow":["GET"]}}],"collection":[{"href":"https:\/\/car-tun.de\/index.php?rest_route=\/wp\/v2\/pages"}],"about":[{"href":"https:\/\/car-tun.de\/index.php?rest_route=\/wp\/v2\/types\/page"}],"author":[{"embeddable":true,"href":"https:\/\/car-tun.de\/index.php?rest_route=\/wp\/v2\/users\/1"}],"replies":[{"embeddable":true,"href":"https:\/\/car-tun.de\/index.php?rest_route=%2Fwp%2Fv2%2Fcomments&post=61"}],"version-history":[{"count":40,"href":"https:\/\/car-tun.de\/index.php?rest_route=\/wp\/v2\/pages\/61\/revisions"}],"predecessor-version":[{"id":1119,"href":"https:\/\/car-tun.de\/index.php?rest_route=\/wp\/v2\/pages\/61\/revisions\/1119"}],"wp:attachment":[{"href":"https:\/\/car-tun.de\/index.php?rest_route=%2Fwp%2Fv2%2Fmedia&parent=61"}],"curies":[{"name":"wp","href":"https:\/\/api.w.org\/{rel}","templated":true}]}}