{"id":5,"date":"2020-01-13T11:17:52","date_gmt":"2020-01-13T11:17:52","guid":{"rendered":"https:\/\/demosites.io\/web-agency-gb\/?page_id=5"},"modified":"2026-02-22T15:57:30","modified_gmt":"2026-02-22T14:57:30","slug":"15c42-web-agency-gb-home","status":"publish","type":"page","link":"https:\/\/car-tun.de\/","title":{"rendered":"Home"},"content":{"rendered":"\n<div class=\"wp-block-cover alignfull is-light has-neve-link-color-color has-text-color has-link-color wp-elements-5809053e60c7fdbb6bc0a1ceff3812de\" style=\"min-height:700px;aspect-ratio:unset;\"><img loading=\"lazy\" decoding=\"async\" width=\"2560\" height=\"934\" class=\"wp-block-cover__image-background wp-image-1160 size-full\" alt=\"\" src=\"https:\/\/car-tun.de\/wp-content\/uploads\/2026\/02\/NEU_2026_homepage_banner2-scaled.png\" data-object-fit=\"cover\" srcset=\"https:\/\/car-tun.de\/wp-content\/uploads\/2026\/02\/NEU_2026_homepage_banner2-scaled.png 2560w, https:\/\/car-tun.de\/wp-content\/uploads\/2026\/02\/NEU_2026_homepage_banner2-1200x438.png 1200w, https:\/\/car-tun.de\/wp-content\/uploads\/2026\/02\/NEU_2026_homepage_banner2-768x280.png 768w, https:\/\/car-tun.de\/wp-content\/uploads\/2026\/02\/NEU_2026_homepage_banner2-1536x560.png 1536w, https:\/\/car-tun.de\/wp-content\/uploads\/2026\/02\/NEU_2026_homepage_banner2-2048x747.png 2048w\" sizes=\"auto, (max-width: 2560px) 100vw, 2560px\" \/><span aria-hidden=\"true\" class=\"wp-block-cover__background has-background-dim-0 has-background-dim\" style=\"background-color:#aac0b9\"><\/span><div class=\"wp-block-cover__inner-container is-layout-flow wp-block-cover-is-layout-flow\">\n\n\n<div style=\"height:100px\" aria-hidden=\"true\" class=\"wp-block-spacer\"><\/div>\n\n\n\n<div style=\"height:100px\" aria-hidden=\"true\" class=\"wp-block-spacer\"><\/div>\n\n\n\n<h1 class=\"wp-block-heading has-text-align-center\"><mark style=\"background-color:rgba(0, 0, 0, 0)\" class=\"has-inline-color has-nv-text-dark-bg-color\">Fachgro\u00dfhandel<\/mark><\/h1>\n\n\n\n<h3 class=\"wp-block-heading has-text-align-center has-nv-light-bg-color has-text-color has-link-color wp-elements-701ccda9c916fbbaf65e69b6c09a4d36\" style=\"font-size:34px;letter-spacing:1px\"><strong>f\u00fcr<br>Kitas, Sozialverb\u00e4nde und<br>medizinische Einrichtungen<\/strong><\/h3>\n\n\n\n<div class=\"wp-block-buttons is-horizontal is-content-justification-center is-layout-flex wp-container-core-buttons-is-layout-499968f5 wp-block-buttons-is-layout-flex\">\n\n\n<div class=\"wp-block-button is-style-primary\"><a class=\"wp-block-button__link wp-element-button\" href=\"http:\/\/www.cartun-shop.de\" style=\"letter-spacing:2px\">Hier geht es zu unserem Shop<\/a><\/div>\n<\/div>\n<\/div><\/div>\n\n\n\n<div style=\"height:80px\" aria-hidden=\"true\" class=\"wp-block-spacer\"><\/div>\n\n\n\n<div class=\"wp-block-columns has-background is-layout-flex wp-container-core-columns-is-layout-9d6595d7 wp-block-columns-is-layout-flex\" style=\"background-color:#28f5fc42\">\n<div class=\"wp-block-column is-layout-flow wp-block-column-is-layout-flow\"><div class=\"wp-block-image icon-style is-style-rounded\">\n<figure class=\"aligncenter size-large\"><img decoding=\"async\" src=\"https:\/\/car-tun.de\/wp-content\/uploads\/2020\/01\/neve-webdesign-GB-03.png\" alt=\"\" class=\"wp-image-20\" title=\"\"\/><\/figure>\n<\/div>\n\n\n<div style=\"height:20px\" aria-hidden=\"true\" class=\"wp-block-spacer\"><\/div>\n\n\n\n<h3 class=\"wp-block-heading has-text-align-center has-neve-text-color-color has-text-color\"><strong>Umfassend. Zuverl\u00e4ssig. Fair.<\/strong><\/h3>\n\n\n\n\n\n<div style=\"height:20px\" aria-hidden=\"true\" class=\"wp-block-spacer\"><\/div>\n<\/div>\n\n\n\n<div class=\"wp-block-column is-layout-flow wp-block-column-is-layout-flow\"><div class=\"wp-block-image icon-style is-style-rounded\">\n<figure class=\"aligncenter size-large\"><img loading=\"lazy\" decoding=\"async\" width=\"72\" height=\"72\" src=\"https:\/\/car-tun.de\/wp-content\/uploads\/2020\/01\/neve-webdesign-GB-04.png\" alt=\"\" class=\"wp-image-21\"\/><\/figure>\n<\/div>\n\n\n<div style=\"height:20px\" aria-hidden=\"true\" class=\"wp-block-spacer\"><\/div>\n\n\n\n<h3 class=\"wp-block-heading has-text-align-center has-neve-text-color-color has-text-color\"><strong>P\u00e4dagogisch wertvoll. Praxisbew\u00e4hrt<\/strong>.<\/h3>\n\n\n\n\n\n<div style=\"height:20px\" aria-hidden=\"true\" class=\"wp-block-spacer\"><\/div>\n<\/div>\n\n\n\n<div class=\"wp-block-column is-layout-flow wp-block-column-is-layout-flow\"><div class=\"wp-block-image icon-style is-style-rounded\">\n<figure class=\"aligncenter size-full\"><img loading=\"lazy\" decoding=\"async\" width=\"72\" height=\"72\" src=\"https:\/\/car-tun.de\/wp-content\/uploads\/2020\/01\/neve-webdesign-GB-03.png\" alt=\"\" class=\"wp-image-567\"\/><\/figure>\n<\/div>\n\n\n<div style=\"height:20px\" aria-hidden=\"true\" class=\"wp-block-spacer\"><\/div>\n\n\n\n<h3 class=\"wp-block-heading has-text-align-center has-neve-text-color-color has-text-color\"><strong>Ihr Fachhandelspartner f\u00fcr Bildungseinrichtungen<\/strong>.<\/h3>\n\n\n<\/div>\n<\/div>\n\n\n\n<div class=\"wp-block-cover alignfull has-neve-text-color-color has-text-color has-link-color wp-elements-ca017ac1a10ec5b8d6f2f27da495aa6a\" style=\"padding-right:var(--wp--preset--spacing--20);padding-left:var(--wp--preset--spacing--20);min-height:200px;aspect-ratio:unset;\"><span aria-hidden=\"true\" class=\"wp-block-cover__background has-nv-site-bg-background-color has-background-dim-100 has-background-dim\"><\/span><div class=\"wp-block-cover__inner-container is-layout-flow wp-block-cover-is-layout-flow\">\n<div class=\"wp-block-group\"><div class=\"wp-block-group__inner-container is-layout-flow wp-block-group-is-layout-flow\">\n<div style=\"height:80px\" aria-hidden=\"true\" class=\"wp-block-spacer\"><\/div>\n\n\n\n<h2 class=\"wp-block-heading has-text-align-center has-neve-text-color-color has-text-color\">Unsere Neuheiten und Topseller Brosch\u00fcre Cartun<\/h2>\n<\/div><\/div>\n<\/div><\/div>\n\n\n\n\n\n\n\n\n\n\n\n\n\n<div class=\"wp-block-group\"><div class=\"wp-block-group__inner-container is-layout-constrained wp-block-group-is-layout-constrained\">\n<div class=\"wp-block-columns is-layout-flex wp-container-core-columns-is-layout-9d6595d7 wp-block-columns-is-layout-flex\">\n<div class=\"wp-block-column is-layout-flow wp-block-column-is-layout-flow\" style=\"flex-basis:25%\">\n<div id=\"wp-block-themeisle-blocks-advanced-columns-a92b577c\" class=\"wp-block-themeisle-blocks-advanced-columns has-1-columns has-desktop-equal-layout has-tablet-equal-layout has-mobile-equal-layout has-vertical-unset\"><div class=\"wp-block-themeisle-blocks-advanced-columns-overlay\"><\/div><div class=\"innerblocks-wrap\">\n<div id=\"wp-block-themeisle-blocks-advanced-column-1c9eaff6\" class=\"wp-block-themeisle-blocks-advanced-column\"><\/div>\n<\/div><\/div>\n<\/div>\n\n\n\n<div class=\"wp-block-column is-layout-flow wp-block-column-is-layout-flow\" style=\"flex-basis:25%\">\n<div style=\"height:22px\" aria-hidden=\"true\" class=\"wp-block-spacer\"><\/div>\n\n\n\n<p class=\"has-text-align-left has-neve-text-color-color has-text-color\" style=\"padding-top:var(--wp--preset--spacing--40);padding-bottom:var(--wp--preset--spacing--40);font-size:17px\">Aus unserem umfangreichen Gesamtprogramm<br>haben wir mit gro\u00dfer Sorgfalt und langj\u00e4hriger<br>Erfahrung eine <strong>exklusive Vorauswahl <\/strong>getroffen: Erstklassige Spielger\u00e4te, M\u00f6bel und Kreativartikel f\u00fcr Kindertagesst\u00e4tten, die sowohl praktisch als auch inspirierend sind.<\/p>\n<\/div>\n\n\n\n<div class=\"wp-block-column is-layout-flow wp-block-column-is-layout-flow\" style=\"flex-basis:25%\">\n<p class=\"has-text-align-left\"><strong> Katalog 2026<\/strong><\/p>\n\n\n<div class=\"_df_thumb \" id=\"df_959\"  _slug=\"katalog-topseller-2026\" data-title=\"katalog-topseller-2026\" wpoptions=\"true\" thumb=\"https:\/\/car-tun.de\/wp-content\/uploads\/2026\/01\/Screenshot-2026-01-12-184252.png\" thumbtype=\"\" >Katalog Topseller 2026<\/div><script class=\"df-shortcode-script\" nowprocket type=\"application\/javascript\">window.option_df_959 = {\"outline\":[],\"autoEnableOutline\":\"false\",\"autoEnableThumbnail\":\"false\",\"overwritePDFOutline\":\"false\",\"enableDownload\":\"false\",\"backgroundImage\":\"https:\\\/\\\/car-tun.de\\\/wp-content\\\/uploads\\\/2024\\\/08\\\/6.jpg\",\"direction\":\"1\",\"pageSize\":\"0\",\"source\":\"https:\\\/\\\/car-tun.de\\\/wp-content\\\/uploads\\\/2026\\\/01\\\/BR_2026_gesamt_ohneLasche.pdf\",\"wpOptions\":\"true\"}; if(window.DFLIP && window.DFLIP.parseBooks){window.DFLIP.parseBooks();}<\/script>\n<\/div>\n\n\n\n<div class=\"wp-block-column is-layout-flow wp-block-column-is-layout-flow\" style=\"flex-basis:25%\">\n<p><strong>Katalog 2025<\/strong><\/p>\n\n\n<div class=\"_df_thumb \" id=\"df_815\"  _slug=\"tposeller-cartun-2025\" data-title=\"highlights-2025-fuer-sie-zusammengestellt\" wpoptions=\"true\" thumb=\"https:\/\/car-tun.de\/wp-content\/uploads\/2025\/12\/Screenshot-2026-01-18-202229.png\" thumbtype=\"\" >Highlights 2025 f\u00fcr Sie zusammengestellt<\/div><script class=\"df-shortcode-script\" nowprocket type=\"application\/javascript\">window.option_df_815 = {\"outline\":[],\"height\":\"500\",\"viewerType\":\"flipbook\",\"autoEnableOutline\":\"false\",\"autoEnableThumbnail\":\"false\",\"overwritePDFOutline\":\"false\",\"enableDownload\":\"false\",\"backgroundImage\":\"https:\\\/\\\/car-tun.de\\\/wp-content\\\/uploads\\\/2024\\\/08\\\/6.jpg\",\"direction\":\"1\",\"pageSize\":\"0\",\"soundEnable\":\"true\",\"source\":\"https:\\\/\\\/car-tun.de\\\/wp-content\\\/uploads\\\/1765\\\/15\\\/BR_NeuTop_2025_Blaetterkatalog_klein_akt.pdf\",\"wpOptions\":\"true\"}; if(window.DFLIP && window.DFLIP.parseBooks){window.DFLIP.parseBooks();}<\/script>\n<\/div>\n<\/div>\n<\/div><\/div>\n\n\n\n<h2 class=\"wp-block-heading has-text-align-center has-neve-text-color-color has-nv-light-bg-background-color has-text-color has-background has-link-color wp-elements-0ed5a8ddb4e8d6bddbb06ba79abedb94\">Kataloge unser Produzenten<\/h2>\n\n\n\n<h2 class=\"wp-block-heading has-text-align-center\">Wisdom<\/h2>\n\n\n\n<div id=\"wp-block-themeisle-blocks-advanced-columns-1100a985\" class=\"wp-block-themeisle-blocks-advanced-columns has-4-columns has-desktop-equal-layout has-tablet-equal-layout has-mobile-collapsedRows-layout has-vertical-unset\"><div class=\"wp-block-themeisle-blocks-advanced-columns-overlay\"><\/div><div class=\"innerblocks-wrap\">\n<div id=\"wp-block-themeisle-blocks-advanced-column-8ab065ef\" class=\"wp-block-themeisle-blocks-advanced-column\">\n<div style=\"height:100px\" aria-hidden=\"true\" class=\"wp-block-spacer\"><\/div>\n<\/div>\n\n\n\n<div id=\"wp-block-themeisle-blocks-advanced-column-08fa2e70\" class=\"wp-block-themeisle-blocks-advanced-column\">\n<div class=\"wp-block-group is-nowrap is-layout-flex wp-container-core-group-is-layout-ad2f72ca wp-block-group-is-layout-flex\">\n<p class=\"has-text-align-left\">Wir freuen uns, Ihnen die neuesten <strong>Kataloge f\u00fcr 2026<\/strong> unseres renommierten Partners <img loading=\"lazy\" decoding=\"async\" width=\"90\" height=\"26\" class=\"wp-image-952\" style=\"width: 90px;\" src=\"https:\/\/car-tun.de\/wp-content\/uploads\/2026\/01\/wisdomLogo.png\" alt=\"wisdom\">pr\u00e4sentieren zu d\u00fcrfen.<\/p>\n\n\n\n<div style=\"height:100px;width:0px\" aria-hidden=\"true\" class=\"wp-block-spacer wp-container-content-6388d5dc\"><\/div>\n<\/div>\n\n\n\n<div class=\"wp-block-group is-nowrap is-layout-flex wp-container-core-group-is-layout-ad2f72ca wp-block-group-is-layout-flex\">\n<p class=\"has-text-align-left\">Die enge und direkte Zusammenarbeit erm\u00f6glicht es uns, hochwertige und innovative Spielger\u00e4te f\u00fcr In- und Outdoor anzubieten, die den h\u00f6chsten Sicherheitsstandards entsprechen und gleichzeitig grenzenlosen Spielspa\u00df garantieren.<\/p>\n\n\n\n<div style=\"height:100px;width:0px\" aria-hidden=\"true\" class=\"wp-block-spacer wp-container-content-6388d5dc\"><\/div>\n<\/div>\n<\/div>\n\n\n\n<div id=\"wp-block-themeisle-blocks-advanced-column-dc2cdac9\" class=\"wp-block-themeisle-blocks-advanced-column\">\n<h2 class=\"wp-block-heading has-text-align-left has-medium-font-size\">Hauptkatalog <\/h2>\n\n\n<div class=\"_df_thumb \" id=\"df_760\"  _slug=\"760\" data-title=\"wisdom-hauptkatalog-2026\" wpoptions=\"true\" thumb=\"https:\/\/car-tun.de\/wp-content\/uploads\/2025\/12\/VorschaubildWisdom2026.png\" thumbtype=\"\" >Wisdom Hauptkatalog 2026<\/div><script class=\"df-shortcode-script\" nowprocket type=\"application\/javascript\">window.option_df_760 = {\"outline\":[],\"autoEnableOutline\":\"false\",\"autoEnableThumbnail\":\"false\",\"overwritePDFOutline\":\"false\",\"enableDownload\":\"false\",\"backgroundImage\":\"https:\\\/\\\/car-tun.de\\\/wp-content\\\/uploads\\\/2024\\\/08\\\/6.jpg\",\"direction\":\"1\",\"pageSize\":\"0\",\"controlsPosition\":\"bottom\",\"soundEnable\":\"true\",\"source\":\"https:\\\/\\\/car-tun.de\\\/wp-content\\\/uploads\\\/1765\\\/30\\\/wisdom_hauptkatalog_2026.pdf\",\"wpOptions\":\"true\"}; if(window.DFLIP && window.DFLIP.parseBooks){window.DFLIP.parseBooks();}<\/script>\n<\/div>\n\n\n\n<div id=\"wp-block-themeisle-blocks-advanced-column-c3f7dbba\" class=\"wp-block-themeisle-blocks-advanced-column\">\n<h2 class=\"wp-block-heading has-text-align-left has-medium-font-size\">Schnell-Lieferungskatalog<\/h2>\n\n\n<div class=\"_df_thumb \" id=\"df_891\"  _slug=\"wisdom-2026-spielanlagen-schnelllieferung\" data-title=\"wisdom-2026-spielanlagen-schnelllieferung\" wpoptions=\"true\" thumb=\"https:\/\/car-tun.de\/wp-content\/uploads\/2025\/12\/VorschaubildWisdom2026_schnelllieferung.png\" thumbtype=\"\" >Wisdom 2026 Spielanlagen Schnelllieferung<\/div><script class=\"df-shortcode-script\" nowprocket type=\"application\/javascript\">window.option_df_891 = {\"outline\":[],\"viewerType\":\"flipbook\",\"autoEnableOutline\":\"false\",\"autoEnableThumbnail\":\"false\",\"overwritePDFOutline\":\"false\",\"enableDownload\":\"false\",\"backgroundImage\":\"https:\\\/\\\/car-tun.de\\\/wp-content\\\/uploads\\\/2024\\\/08\\\/6.jpg\",\"direction\":\"1\",\"pageSize\":\"0\",\"soundEnable\":\"true\",\"source\":\"https:\\\/\\\/car-tun.de\\\/wp-content\\\/uploads\\\/2025\\\/12\\\/spielgeraetekatalog_2026.pdf\",\"wpOptions\":\"true\"}; if(window.DFLIP && window.DFLIP.parseBooks){window.DFLIP.parseBooks();}<\/script>\n<\/div>\n<\/div><\/div>\n\n\n\n<hr class=\"wp-block-separator aligncenter has-text-color has-nv-light-bg-color has-alpha-channel-opacity has-nv-light-bg-background-color has-background is-style-wide\"\/>\n\n\n\n<h2 class=\"wp-block-heading has-text-align-center\">vinci play<\/h2>\n\n\n\n<div id=\"wp-block-themeisle-blocks-advanced-columns-20575a4f\" class=\"wp-block-themeisle-blocks-advanced-columns has-3-columns has-desktop-oneOneTwo-layout has-tablet-equal-layout has-mobile-collapsedRows-layout has-vertical-unset\"><div class=\"wp-block-themeisle-blocks-advanced-columns-overlay\"><\/div><div class=\"innerblocks-wrap\">\n<div id=\"wp-block-themeisle-blocks-advanced-column-f0bc6984\" class=\"wp-block-themeisle-blocks-advanced-column\"><\/div>\n\n\n\n<div id=\"wp-block-themeisle-blocks-advanced-column-52657067\" class=\"wp-block-themeisle-blocks-advanced-column\">\n<p><strong> <\/strong><strong>Fachkatalog 2026!<\/strong><\/p>\n\n\n\n<p><img loading=\"lazy\" decoding=\"async\" width=\"60\" height=\"48\" class=\"wp-image-947\" style=\"width: 60px;\" src=\"https:\/\/car-tun.de\/wp-content\/uploads\/2026\/01\/Logo_Vinci_Play_kolor_podstawowy2-scaled.png\" alt=\"vinci play\" srcset=\"https:\/\/car-tun.de\/wp-content\/uploads\/2026\/01\/Logo_Vinci_Play_kolor_podstawowy2-scaled.png 2560w, https:\/\/car-tun.de\/wp-content\/uploads\/2026\/01\/Logo_Vinci_Play_kolor_podstawowy2-1200x952.png 1200w, https:\/\/car-tun.de\/wp-content\/uploads\/2026\/01\/Logo_Vinci_Play_kolor_podstawowy2-768x609.png 768w, https:\/\/car-tun.de\/wp-content\/uploads\/2026\/01\/Logo_Vinci_Play_kolor_podstawowy2-1536x1219.png 1536w, https:\/\/car-tun.de\/wp-content\/uploads\/2026\/01\/Logo_Vinci_Play_kolor_podstawowy2-2048x1625.png 2048w\" sizes=\"auto, (max-width: 60px) 100vw, 60px\" \/>ist ein Unternehmen, das Kinder auf der ganzen Welt Freude bereitet. Es entwirft, fertigt und installiert absolut sichere, zertifizierte und \u00e4sthetisch ansprechende Spielpl\u00e4tze von besonderer Erlebnisqualit\u00e4t in fantasievollem Design.<\/p>\n<\/div>\n\n\n\n<div id=\"wp-block-themeisle-blocks-advanced-column-a066a90e\" class=\"wp-block-themeisle-blocks-advanced-column\"><div class=\"_df_thumb \" id=\"df_939\"  _slug=\"vinci-play-fachkatalog-2026\" data-title=\"vinci-play-fachkatalog-2026\" wpoptions=\"true\" thumb=\"https:\/\/car-tun.de\/wp-content\/uploads\/2026\/01\/Vorschaubild-Vinci-2026.png\" thumbtype=\"\" >vinci play Fachkatalog 2026<\/div><script class=\"df-shortcode-script\" nowprocket type=\"application\/javascript\">window.option_df_939 = {\"outline\":[],\"viewerType\":\"flipbook\",\"autoEnableOutline\":\"false\",\"autoEnableThumbnail\":\"false\",\"overwritePDFOutline\":\"false\",\"enableDownload\":\"false\",\"backgroundImage\":\"https:\\\/\\\/car-tun.de\\\/wp-content\\\/uploads\\\/2024\\\/08\\\/6.jpg\",\"direction\":\"1\",\"pageSize\":\"0\",\"soundEnable\":\"true\",\"source\":\"https:\\\/\\\/car-tun.de\\\/wp-content\\\/uploads\\\/2026\\\/01\\\/katalog_2026.pdf\",\"wpOptions\":\"true\"}; if(window.DFLIP && window.DFLIP.parseBooks){window.DFLIP.parseBooks();}<\/script>\n<\/div>\n<\/div><\/div>\n\n\n\n<hr class=\"wp-block-separator has-text-color has-nv-light-bg-color has-alpha-channel-opacity has-nv-light-bg-background-color has-background is-style-wide\"\/>\n\n\n\n<h2 class=\"wp-block-heading has-text-align-center\">Weichelt Spezialm\u00f6bel<\/h2>\n\n\n\n<div id=\"wp-block-themeisle-blocks-advanced-columns-9a784e75\" class=\"wp-block-themeisle-blocks-advanced-columns has-3-columns has-desktop-oneOneTwo-layout has-tablet-equal-layout has-mobile-collapsedRows-layout has-vertical-unset\"><div class=\"wp-block-themeisle-blocks-advanced-columns-overlay\"><\/div><div class=\"innerblocks-wrap\">\n<div id=\"wp-block-themeisle-blocks-advanced-column-a246828e\" class=\"wp-block-themeisle-blocks-advanced-column\"><\/div>\n\n\n\n<div id=\"wp-block-themeisle-blocks-advanced-column-c6f7d592\" class=\"wp-block-themeisle-blocks-advanced-column\">\n<p><strong>Das Beste f\u00fcr Kinder!<\/strong><\/p>\n\n\n\n<p>Hier finden Sie Spezialm\u00f6bel f\u00fcr Kindertagesst\u00e4tten, die nach strengen Produktionskriterien in Deutschland hergestellt werden.<\/p>\n<\/div>\n\n\n\n<div id=\"wp-block-themeisle-blocks-advanced-column-f5a7d6f3\" class=\"wp-block-themeisle-blocks-advanced-column\"><div class=\"_df_thumb \" id=\"df_789\"  _slug=\"weichelt-2026\" data-title=\"weichelt-spezialmoebel-2026\" wpoptions=\"true\" thumb=\"https:\/\/car-tun.de\/wp-content\/uploads\/2025\/12\/Vorschaubild-Weichelt-2026.png\" thumbtype=\"\" >Weichelt Spezialm\u00f6bel 2026<\/div><script class=\"df-shortcode-script\" nowprocket type=\"application\/javascript\">window.option_df_789 = {\"outline\":[],\"viewerType\":\"flipbook\",\"autoEnableOutline\":\"false\",\"autoEnableThumbnail\":\"false\",\"overwritePDFOutline\":\"false\",\"enableDownload\":\"false\",\"backgroundImage\":\"https:\\\/\\\/car-tun.de\\\/wp-content\\\/uploads\\\/2024\\\/08\\\/6.jpg\",\"direction\":\"1\",\"pageSize\":\"0\",\"controlsPosition\":\"bottom\",\"soundEnable\":\"true\",\"source\":\"https:\\\/\\\/car-tun.de\\\/wp-content\\\/uploads\\\/1765\\\/35\\\/Spezialkatalog_moebel_Weichelt.pdf\",\"wpOptions\":\"true\"}; if(window.DFLIP && window.DFLIP.parseBooks){window.DFLIP.parseBooks();}<\/script>\n<\/div>\n<\/div><\/div>\n\n\n\n<hr class=\"wp-block-separator has-text-color has-nv-light-bg-color has-alpha-channel-opacity has-nv-light-bg-background-color has-background is-style-wide\"\/>\n\n\n\n<h2 class=\"wp-block-heading has-text-align-center\">B\u00e4nfer Kids <\/h2>\n\n\n\n<div id=\"wp-block-themeisle-blocks-advanced-columns-2642dfd3\" class=\"wp-block-themeisle-blocks-advanced-columns has-3-columns has-desktop-oneOneTwo-layout has-tablet-equal-layout has-mobile-collapsedRows-layout has-vertical-unset\"><div class=\"wp-block-themeisle-blocks-advanced-columns-overlay\"><\/div><div class=\"innerblocks-wrap\">\n<div id=\"wp-block-themeisle-blocks-advanced-column-d3d5c408\" class=\"wp-block-themeisle-blocks-advanced-column\"><\/div>\n\n\n\n<div id=\"wp-block-themeisle-blocks-advanced-column-e5107540\" class=\"wp-block-themeisle-blocks-advanced-column\">\n<p><strong>Highlights 2026!<\/strong><\/p>\n\n\n\n<p>Bausteins\u00e4tze, Baumodule, Kreativ-Spiele, Turnger\u00e4te und M\u00f6bel f\u00fcr Kindertagesst\u00e4tten zu 100% in Deutschland in firmeneigener Produktion hergestellt.<\/p>\n\n\n\n<p><\/p>\n<\/div>\n\n\n\n<div id=\"wp-block-themeisle-blocks-advanced-column-1e18a974\" class=\"wp-block-themeisle-blocks-advanced-column\"><div class=\"_df_thumb \" id=\"df_801\"  _slug=\"baenfer-kids-katalog-2026\" data-title=\"baenfer-kids-katalog-2026\" wpoptions=\"true\" thumb=\"https:\/\/car-tun.de\/wp-content\/uploads\/2025\/12\/Vorschaubild-Baenfer-2026.png\" thumbtype=\"\" >B\u00e4nfer Kids Katalog 2026<\/div><script class=\"df-shortcode-script\" nowprocket type=\"application\/javascript\">window.option_df_801 = {\"outline\":[],\"viewerType\":\"flipbook\",\"autoEnableOutline\":\"false\",\"autoEnableThumbnail\":\"false\",\"overwritePDFOutline\":\"false\",\"enableDownload\":\"false\",\"backgroundImage\":\"https:\\\/\\\/car-tun.de\\\/wp-content\\\/uploads\\\/2024\\\/08\\\/6.jpg\",\"direction\":\"1\",\"pageSize\":\"0\",\"soundEnable\":\"true\",\"source\":\"https:\\\/\\\/car-tun.de\\\/wp-content\\\/uploads\\\/1765\\\/39\\\/baenferkids_katalog_2026.pdf\",\"wpOptions\":\"true\"}; if(window.DFLIP && window.DFLIP.parseBooks){window.DFLIP.parseBooks();}<\/script>\n<\/div>\n<\/div><\/div>\n","protected":false},"excerpt":{"rendered":"<p>Umfassend. Zuverl\u00e4ssig. Fair. P\u00e4dagogisch wertvoll. Praxisbew\u00e4hrt. Ihr Fachhandelspartner f\u00fcr Bildungseinrichtungen. Aus unserem umfangreichen Gesamtprogrammhaben wir mit gro\u00dfer Sorgfalt und langj\u00e4hrigerErfahrung eine exklusive Vorauswahl getroffen: Erstklassige Spielger\u00e4te, M\u00f6bel und Kreativartikel f\u00fcr Kindertagesst\u00e4tten, die sowohl praktisch als auch inspirierend sind. Katalog 2026 Katalog 2025 Kataloge unser Produzenten Wisdom vinci play Weichelt Spezialm\u00f6bel B\u00e4nfer Kids<\/p>\n","protected":false},"author":1,"featured_media":0,"parent":0,"menu_order":0,"comment_status":"closed","ping_status":"closed","template":"","meta":{"neve_meta_sidebar":"default","neve_meta_container":"default","neve_meta_enable_content_width":"on","neve_meta_content_width":100,"neve_meta_title_alignment":"","neve_meta_author_avatar":"","neve_post_elements_order":"","neve_meta_disable_header":"","neve_meta_disable_footer":"","neve_meta_disable_title":"on","neve_meta_reading_time":"","_themeisle_gutenberg_block_has_review":false,"footnotes":""},"class_list":["post-5","page","type-page","status-publish","hentry"],"_links":{"self":[{"href":"https:\/\/car-tun.de\/index.php?rest_route=\/wp\/v2\/pages\/5","targetHints":{"allow":["GET"]}}],"collection":[{"href":"https:\/\/car-tun.de\/index.php?rest_route=\/wp\/v2\/pages"}],"about":[{"href":"https:\/\/car-tun.de\/index.php?rest_route=\/wp\/v2\/types\/page"}],"author":[{"embeddable":true,"href":"https:\/\/car-tun.de\/index.php?rest_route=\/wp\/v2\/users\/1"}],"replies":[{"embeddable":true,"href":"https:\/\/car-tun.de\/index.php?rest_route=%2Fwp%2Fv2%2Fcomments&post=5"}],"version-history":[{"count":140,"href":"https:\/\/car-tun.de\/index.php?rest_route=\/wp\/v2\/pages\/5\/revisions"}],"predecessor-version":[{"id":1168,"href":"https:\/\/car-tun.de\/index.php?rest_route=\/wp\/v2\/pages\/5\/revisions\/1168"}],"wp:attachment":[{"href":"https:\/\/car-tun.de\/index.php?rest_route=%2Fwp%2Fv2%2Fmedia&parent=5"}],"curies":[{"name":"wp","href":"https:\/\/api.w.org\/{rel}","templated":true}]}}